{"id":3702,"date":"2021-10-01T12:31:08","date_gmt":"2021-10-01T10:31:08","guid":{"rendered":"https:\/\/www.lupusinfabula.shop\/?post_type=product&#038;p=3702"},"modified":"2022-02-17T11:12:43","modified_gmt":"2022-02-17T10:12:43","slug":"leon-il-maialino","status":"publish","type":"product","link":"https:\/\/www.lupusinfabula.shop\/en\/prodotto\/leon-il-maialino\/","title":{"rendered":"Animali Musicali L\u00e9on il Maialino"},"content":{"rendered":"<p>L\u00e8on il maialino \u00e8 un adorabile peluche musicale. Piacevole da maneggiare grazie alla consistenza morbida e alle forme arrotondate.<\/p>\n","protected":false},"excerpt":{"rendered":"<p>L\u00e9on il maialino ama gettarsi nel fango e fare gli scherzi ai suoi amici della fattoria. Riproduce il &#8220;Bolero di Ravel&#8221; per suscitare la curiosit\u00e0 dei pi\u00f9 piccoli. Gli animali musicali saranno i suoi migliori amici! Soffici da abbracciare e decorativi, si adatteranno ad ogni cameretta! Ogni animale suona una melodia diversa che calma il bambino e lo prepara per la nanna.<\/p>\n<p>&nbsp;<\/p>\n","protected":false},"featured_media":4093,"template":"","meta":[],"product_cat":[46],"product_tag":[220,174,164,175,76,167],"acf":[],"_links":{"self":[{"href":"https:\/\/www.lupusinfabula.shop\/en\/wp-json\/wp\/v2\/product\/3702"}],"collection":[{"href":"https:\/\/www.lupusinfabula.shop\/en\/wp-json\/wp\/v2\/product"}],"about":[{"href":"https:\/\/www.lupusinfabula.shop\/en\/wp-json\/wp\/v2\/types\/product"}],"wp:featuredmedia":[{"embeddable":true,"href":"https:\/\/www.lupusinfabula.shop\/en\/wp-json\/wp\/v2\/media\/4093"}],"wp:attachment":[{"href":"https:\/\/www.lupusinfabula.shop\/en\/wp-json\/wp\/v2\/media?parent=3702"}],"wp:term":[{"taxonomy":"product_cat","embeddable":true,"href":"https:\/\/www.lupusinfabula.shop\/en\/wp-json\/wp\/v2\/product_cat?post=3702"},{"taxonomy":"product_tag","embeddable":true,"href":"https:\/\/www.lupusinfabula.shop\/en\/wp-json\/wp\/v2\/product_tag?post=3702"}],"curies":[{"name":"wp","href":"https:\/\/api.w.org\/{rel}","templated":true}]}}