{"id":3845,"date":"2021-11-25T17:49:48","date_gmt":"2021-11-25T16:49:48","guid":{"rendered":"https:\/\/www.lupusinfabula.shop\/?post_type=product&#038;p=3845"},"modified":"2022-02-17T12:34:15","modified_gmt":"2022-02-17T11:34:15","slug":"janod-xilofono-taptap","status":"publish","type":"product","link":"https:\/\/www.lupusinfabula.shop\/en\/prodotto\/janod-xilofono-taptap\/","title":{"rendered":"Pure Tap Tap Xilofono"},"content":{"rendered":"<p>\u00c8 primavera nella camera del beb\u00e9! Fiori e simpatici animali si sono incontrati in questo grazioso gioco di abilit\u00e0 in legno. Permetter\u00e0 al tuo bambino dai 18 mesi di sviluppare la sua destrezza divertendosi. Lo xilofono Tap Tap Pure \u00e8 un gioco 2 in 1: un martelletto a forma di ape per colpire le 3 palline che cadono facendo tintinnare i tasti dello xilofono, a sua volta rimovibile per poter giocare ovunque! Il tuo bambino sar\u00e0 in grado di imparare i colori depositando ogni palla sulla buca del colore giusto. Svilupper\u00e0 i suoi sensi, immaginer\u00e0 e creer\u00e0 le sue prime storie.<\/p>\n","protected":false},"excerpt":{"rendered":"<div class=\"nq-c-Product-xtra-section-content nq-c-ProductFullDesc nq-c-Wysiwyg\">\n<div class=\"nq-c-Product-xtra-section-content nq-c-ProductFullDesc nq-c-Wysiwyg\">\u00c8 primaverai e simpatici animali si sono incontrati in questo grazioso gioco di abilit\u00e0 in legno della linea Pure! Permetter\u00e0 al tuo bambino di sviluppare la sua destrezza divertendosi. Lo xilofono Tap Tap Pure \u00e8 un gioco 2 in 1: un martelletto a forma di ape per colpire le 3 palline che cadono facendo suonare i tasti dello xilofono, a sua volta rimovibile per poter giocare ovunque!<\/div>\n<\/div>\n","protected":false},"featured_media":3848,"template":"","meta":[],"product_cat":[63],"product_tag":[74,67,73,76,75],"acf":[],"_links":{"self":[{"href":"https:\/\/www.lupusinfabula.shop\/en\/wp-json\/wp\/v2\/product\/3845"}],"collection":[{"href":"https:\/\/www.lupusinfabula.shop\/en\/wp-json\/wp\/v2\/product"}],"about":[{"href":"https:\/\/www.lupusinfabula.shop\/en\/wp-json\/wp\/v2\/types\/product"}],"wp:featuredmedia":[{"embeddable":true,"href":"https:\/\/www.lupusinfabula.shop\/en\/wp-json\/wp\/v2\/media\/3848"}],"wp:attachment":[{"href":"https:\/\/www.lupusinfabula.shop\/en\/wp-json\/wp\/v2\/media?parent=3845"}],"wp:term":[{"taxonomy":"product_cat","embeddable":true,"href":"https:\/\/www.lupusinfabula.shop\/en\/wp-json\/wp\/v2\/product_cat?post=3845"},{"taxonomy":"product_tag","embeddable":true,"href":"https:\/\/www.lupusinfabula.shop\/en\/wp-json\/wp\/v2\/product_tag?post=3845"}],"curies":[{"name":"wp","href":"https:\/\/api.w.org\/{rel}","templated":true}]}}