{"id":3850,"date":"2021-11-25T18:01:44","date_gmt":"2021-11-25T17:01:44","guid":{"rendered":"https:\/\/www.lupusinfabula.shop\/?post_type=product&#038;p=3850"},"modified":"2022-03-10T14:50:28","modified_gmt":"2022-03-10T13:50:28","slug":"janod-carretto-cubi","status":"publish","type":"product","link":"https:\/\/www.lupusinfabula.shop\/en\/prodotto\/janod-carretto-cubi\/","title":{"rendered":"Pure carretto trainabile con cubi"},"content":{"rendered":"<p>Un grazioso carrellino da trainare dai moderni toni pastello e con teneri animaletti per sviluppare le abilit\u00e0 motorie del bambino. Grazie ai numerosi cubi, il bambino si familiarizzer\u00e0 con le forme e i colori migliorando coordinazione e abilit\u00e0 manuali.<\/p>\n","protected":false},"excerpt":{"rendered":"<div class=\"nq-c-Product-xtra-section-content nq-c-ProductFullDesc nq-c-Wysiwyg\">\n<div class=\"nq-c-Product-xtra-section-content nq-c-ProductFullDesc nq-c-Wysiwyg\">Un bellissimo carrellino da trainare dai moderni toni pastello con teneri animaletti per sviluppare le abilit\u00e0 motorie del bambino. Grazie ai numerosi cubi colorati, il bambino familiarizzer\u00e0 con le forme e i colori migliorando coordinazione e abilit\u00e0 manuali.<\/div>\n<\/div>\n","protected":false},"featured_media":3853,"template":"","meta":[],"product_cat":[63],"product_tag":[72,74,77,67,70,73,348],"acf":[],"_links":{"self":[{"href":"https:\/\/www.lupusinfabula.shop\/en\/wp-json\/wp\/v2\/product\/3850"}],"collection":[{"href":"https:\/\/www.lupusinfabula.shop\/en\/wp-json\/wp\/v2\/product"}],"about":[{"href":"https:\/\/www.lupusinfabula.shop\/en\/wp-json\/wp\/v2\/types\/product"}],"wp:featuredmedia":[{"embeddable":true,"href":"https:\/\/www.lupusinfabula.shop\/en\/wp-json\/wp\/v2\/media\/3853"}],"wp:attachment":[{"href":"https:\/\/www.lupusinfabula.shop\/en\/wp-json\/wp\/v2\/media?parent=3850"}],"wp:term":[{"taxonomy":"product_cat","embeddable":true,"href":"https:\/\/www.lupusinfabula.shop\/en\/wp-json\/wp\/v2\/product_cat?post=3850"},{"taxonomy":"product_tag","embeddable":true,"href":"https:\/\/www.lupusinfabula.shop\/en\/wp-json\/wp\/v2\/product_tag?post=3850"}],"curies":[{"name":"wp","href":"https:\/\/api.w.org\/{rel}","templated":true}]}}