{"id":3872,"date":"2021-11-25T18:41:02","date_gmt":"2021-11-25T17:41:02","guid":{"rendered":"https:\/\/www.lupusinfabula.shop\/?post_type=product&#038;p=3872"},"modified":"2022-02-17T12:21:49","modified_gmt":"2022-02-17T11:21:49","slug":"janod-looping-gallinella","status":"publish","type":"product","link":"https:\/\/www.lupusinfabula.shop\/en\/prodotto\/janod-looping-gallinella\/","title":{"rendered":"Looping Gallinella"},"content":{"rendered":"<p>Questo looping \u00e8 dotato di 4 fili con perle a forma di uccellini, gallinella e sole che scorrono attraverso il pollaio e il tunnel a forma di albero. \u00c8 presente anche un laghetto con un&#8217;anatra e una tartaruga che giocano a rincorrersi, e 2 pezzi di puzzle a forma di foglia da incastrare per sviluppare manualit\u00e0. La base \u00e8 dotata di 4 ventose per la massima stabilit\u00e0.<\/p>\n","protected":false},"excerpt":{"rendered":"<p>Quattro uccellini, un pollaio e una gallinella tutti riuniti nello stesso gioco! Il Percorso Gallinella \u00e8 un giocattolo di legno per la prima infanzia con un design che divertir\u00e0 i bambini d1 anno! Il tuo bambino sar\u00e0 in grado di divertirsi e sviluppare le sue capacit\u00e0 motorie con tante ore di divertimento garantite! Questo bellissimo universo delizier\u00e0 grandi e piccini.<\/p>\n<p>&nbsp;<\/p>\n","protected":false},"featured_media":3876,"template":"","meta":[],"product_cat":[63],"product_tag":[74,84,80,67,70,73,83],"acf":[],"_links":{"self":[{"href":"https:\/\/www.lupusinfabula.shop\/en\/wp-json\/wp\/v2\/product\/3872"}],"collection":[{"href":"https:\/\/www.lupusinfabula.shop\/en\/wp-json\/wp\/v2\/product"}],"about":[{"href":"https:\/\/www.lupusinfabula.shop\/en\/wp-json\/wp\/v2\/types\/product"}],"wp:featuredmedia":[{"embeddable":true,"href":"https:\/\/www.lupusinfabula.shop\/en\/wp-json\/wp\/v2\/media\/3876"}],"wp:attachment":[{"href":"https:\/\/www.lupusinfabula.shop\/en\/wp-json\/wp\/v2\/media?parent=3872"}],"wp:term":[{"taxonomy":"product_cat","embeddable":true,"href":"https:\/\/www.lupusinfabula.shop\/en\/wp-json\/wp\/v2\/product_cat?post=3872"},{"taxonomy":"product_tag","embeddable":true,"href":"https:\/\/www.lupusinfabula.shop\/en\/wp-json\/wp\/v2\/product_tag?post=3872"}],"curies":[{"name":"wp","href":"https:\/\/api.w.org\/{rel}","templated":true}]}}