{"id":4029,"date":"2021-11-27T12:07:49","date_gmt":"2021-11-27T11:07:49","guid":{"rendered":"https:\/\/www.lupusinfabula.shop\/?post_type=product&#038;p=4029"},"modified":"2022-03-09T10:58:36","modified_gmt":"2022-03-09T09:58:36","slug":"cavalcabile-la-cosa-italtrike-coccodrillo","status":"publish","type":"product","link":"https:\/\/www.lupusinfabula.shop\/en\/prodotto\/cavalcabile-la-cosa-italtrike-coccodrillo\/","title":{"rendered":"Cavalcabile La Cosa &#8211; Coccodrillo"},"content":{"rendered":"<p>&#8211; Silenzioso, compatto e super maneggevole<br \/>\n&#8211; Ruote rivestite in gomma<br \/>\n&#8211; Le due ruote anteriori ruotano di 360 gradi permettendo al bambino di giocare e divertirsi anche in piccoli spazi<br \/>\n&#8211; Scompartimento sotto la seduta<br \/>\n&#8211; Sistema antiribaltamento<br \/>\n&#8211; Sostiene fino a 50 kg<br \/>\n&#8211; Prodotta in Italia.<\/p>\n","protected":false},"excerpt":{"rendered":"<p>Il Coccodrillo 1 ride \u00e8 funzionale alla crescita del bambino e permette gi\u00e0 dal suo primo anno di et\u00e0 di muoversi anche in piccoli spazi sperimentando l\u2019equilibrio sul suo primo giocattolo a quattro ruote (rivestite in gomma).<br \/>\nPensato e progettato per aiutare il bambino ad apprendere e coordinare il movimento attraverso il gioco, imparare a spingersi, frenare e sterzare in completa sicurezza. Scompartimento porta giochi sotto la seduta.<\/p>\n<p>&nbsp;<\/p>\n","protected":false},"featured_media":4030,"template":"","meta":[],"product_cat":[146],"product_tag":[72,103,149,147],"acf":[],"_links":{"self":[{"href":"https:\/\/www.lupusinfabula.shop\/en\/wp-json\/wp\/v2\/product\/4029"}],"collection":[{"href":"https:\/\/www.lupusinfabula.shop\/en\/wp-json\/wp\/v2\/product"}],"about":[{"href":"https:\/\/www.lupusinfabula.shop\/en\/wp-json\/wp\/v2\/types\/product"}],"wp:featuredmedia":[{"embeddable":true,"href":"https:\/\/www.lupusinfabula.shop\/en\/wp-json\/wp\/v2\/media\/4030"}],"wp:attachment":[{"href":"https:\/\/www.lupusinfabula.shop\/en\/wp-json\/wp\/v2\/media?parent=4029"}],"wp:term":[{"taxonomy":"product_cat","embeddable":true,"href":"https:\/\/www.lupusinfabula.shop\/en\/wp-json\/wp\/v2\/product_cat?post=4029"},{"taxonomy":"product_tag","embeddable":true,"href":"https:\/\/www.lupusinfabula.shop\/en\/wp-json\/wp\/v2\/product_tag?post=4029"}],"curies":[{"name":"wp","href":"https:\/\/api.w.org\/{rel}","templated":true}]}}