{"id":4116,"date":"2021-11-27T16:48:11","date_gmt":"2021-11-27T15:48:11","guid":{"rendered":"https:\/\/www.lupusinfabula.shop\/?post_type=product&#038;p=4116"},"modified":"2022-02-17T11:11:40","modified_gmt":"2022-02-17T10:11:40","slug":"tappeto-fattoria","status":"publish","type":"product","link":"https:\/\/www.lupusinfabula.shop\/en\/prodotto\/tappeto-fattoria\/","title":{"rendered":"Tappeto Da Gioco Fattoria"},"content":{"rendered":"<p>Questo grande e comodissimo tappeto da gioco contiene tante sorprese da scoprire sul tema della fattoria: giochi di materiali da toccare, colori piuttosto contrastanti, animali nascosti, uno specchio solare per scoprire il suo riflesso. Il bambino passer\u00e0 ore a divertirsi su questo tappetino mentre sviluppa le capacit\u00e0 motorie. \u00c8 molto morbido: il bimbo potr\u00e0 essere posizionato molto comodamente!<\/p>\n","protected":false},"excerpt":{"rendered":"<p>Questo comodissimo tappeto da gioco contiene tante sorprese! Giochi da toccare, colori contrastanti, animali che giocano a nascondino e uno specchio per scoprire il riflesso. Il bimbo passer\u00e0 ore di divertimento mentre svilupper\u00e0 capacit\u00e0 motorie. \u00c8 morbidissimo!<\/p>\n","protected":false},"featured_media":4117,"template":"","meta":[],"product_cat":[46],"product_tag":[72,145,177,164,178,176],"acf":[],"_links":{"self":[{"href":"https:\/\/www.lupusinfabula.shop\/en\/wp-json\/wp\/v2\/product\/4116"}],"collection":[{"href":"https:\/\/www.lupusinfabula.shop\/en\/wp-json\/wp\/v2\/product"}],"about":[{"href":"https:\/\/www.lupusinfabula.shop\/en\/wp-json\/wp\/v2\/types\/product"}],"wp:featuredmedia":[{"embeddable":true,"href":"https:\/\/www.lupusinfabula.shop\/en\/wp-json\/wp\/v2\/media\/4117"}],"wp:attachment":[{"href":"https:\/\/www.lupusinfabula.shop\/en\/wp-json\/wp\/v2\/media?parent=4116"}],"wp:term":[{"taxonomy":"product_cat","embeddable":true,"href":"https:\/\/www.lupusinfabula.shop\/en\/wp-json\/wp\/v2\/product_cat?post=4116"},{"taxonomy":"product_tag","embeddable":true,"href":"https:\/\/www.lupusinfabula.shop\/en\/wp-json\/wp\/v2\/product_tag?post=4116"}],"curies":[{"name":"wp","href":"https:\/\/api.w.org\/{rel}","templated":true}]}}