{"id":4169,"date":"2021-11-29T22:39:38","date_gmt":"2021-11-29T21:39:38","guid":{"rendered":"https:\/\/www.lupusinfabula.shop\/?post_type=product&#038;p=4169"},"modified":"2022-03-07T16:58:17","modified_gmt":"2022-03-07T15:58:17","slug":"mercante-in-fiera","status":"publish","type":"product","link":"https:\/\/www.lupusinfabula.shop\/en\/prodotto\/mercante-in-fiera\/","title":{"rendered":"Mercante in Fiera"},"content":{"rendered":"<p>Carte illustrate per giocare al Mercante in Fiera prodotte da Dal Negro realizzate in carta plastificata. 80 carte da gioco con stampe colorate.<\/p>\n<p>&nbsp;<\/p>\n<p>&nbsp;<\/p>\n","protected":false},"excerpt":{"rendered":"<p>Mercante in fiera \u00e8 un grande classico da giocare durante le feste o con tutta la famiglia nel tempo libero! Ti piacer\u00e0 un sacco perch\u00e9 non c&#8217;\u00e8 un numero limite di giocatori e potrai divertirti con amici di tutte le et\u00e0!<br \/>\nUno dei giocatori assume il ruolo del Mercante, che ha il compito di condurre le aste del gioco per vendere le carte agli altri giocatori che seguiranno le indicazioni e cercheranno di acquistarle tentando di fare un buon affare.<\/p>\n","protected":false},"featured_media":5286,"template":"","meta":[],"product_cat":[239],"product_tag":[185,183,184,188],"acf":[],"_links":{"self":[{"href":"https:\/\/www.lupusinfabula.shop\/en\/wp-json\/wp\/v2\/product\/4169"}],"collection":[{"href":"https:\/\/www.lupusinfabula.shop\/en\/wp-json\/wp\/v2\/product"}],"about":[{"href":"https:\/\/www.lupusinfabula.shop\/en\/wp-json\/wp\/v2\/types\/product"}],"wp:featuredmedia":[{"embeddable":true,"href":"https:\/\/www.lupusinfabula.shop\/en\/wp-json\/wp\/v2\/media\/5286"}],"wp:attachment":[{"href":"https:\/\/www.lupusinfabula.shop\/en\/wp-json\/wp\/v2\/media?parent=4169"}],"wp:term":[{"taxonomy":"product_cat","embeddable":true,"href":"https:\/\/www.lupusinfabula.shop\/en\/wp-json\/wp\/v2\/product_cat?post=4169"},{"taxonomy":"product_tag","embeddable":true,"href":"https:\/\/www.lupusinfabula.shop\/en\/wp-json\/wp\/v2\/product_tag?post=4169"}],"curies":[{"name":"wp","href":"https:\/\/api.w.org\/{rel}","templated":true}]}}